{"id":990,"date":"2016-01-28T09:56:23","date_gmt":"2016-01-28T09:56:23","guid":{"rendered":"http:\/\/demo.oceanthemes.net\/archi\/side-navigation\/?page_id=990"},"modified":"2020-10-21T10:00:07","modified_gmt":"2020-10-21T10:00:07","slug":"cv","status":"publish","type":"page","link":"https:\/\/stevelinnsculpture.com\/fr\/cv\/","title":{"rendered":"CV"},"content":{"rendered":"<div class=\"wpb-content-wrapper\"><section class=\"wpb_row vc_row-fluid vc_custom_1603274318442\"><div class=\"container\"><div class=\"row\"><div class=\"wpb_column vc_column_container vc_col-sm-12\"><div class=\"vc_column-inner\"><div class=\"wpb_wrapper\"  ><!-- Element: OT Services Grid -->\n<div class=\"services-masonry service-grid row\">\n\t<div class=\"col-md-6 item-service-grid-sizer\"><\/div>\n\t\n\t<div class=\"col-md-6 item\">\n\t\t\n\t\t\t\t\n\t\t\t<h3><a href=\"https:\/\/stevelinnsculpture.com\/fr\/service\/exhibits\/\">CV - Expositions<\/a><\/h3>\n\t\t\t<div class=\"service-excerpt\"><p>Steve expose ses \u0153uvres depuis plus de 50 ans. Voici une liste chronologique d'expositions individuelles et collectives.<\/p>\n<\/div>\n\t\t\t\n\t\t\n\t<\/div>\n\n\t\n\t<div class=\"col-md-6 item\">\n\t\t\n\t\t\t\t\n\t\t\t<h3><a href=\"https:\/\/stevelinnsculpture.com\/fr\/service\/collections\/\">CV - Collections<\/a><\/h3>\n\t\t\t<div class=\"service-excerpt\"><p>Les \u0153uvres de Steve font partie de nombreuses collections publiques et priv\u00e9es. Voici une liste des endroits o\u00f9 ses \u0153uvres sont expos\u00e9es.<\/p>\n<\/div>\n\t\t\t\n\t\t\n\t<\/div>\n\n\t\n\t<div class=\"col-md-6 item\">\n\t\t\n\t\t\t\t\n\t\t\t<h3><a href=\"https:\/\/stevelinnsculpture.com\/fr\/service\/publications-2\/\">CV - Publications<\/a><\/h3>\n\t\t\t<div class=\"service-excerpt\"><p>Voici une liste de publications et de livres dans lesquels le travail de Steve a \u00e9t\u00e9 inclus.<\/p>\n<\/div>\n\t\t\t\n\t\t\n\t<\/div>\n\n\t\n\t<div class=\"col-md-6 item\">\n\t\t\n\t\t\t\t\n\t\t\t<h3><a href=\"https:\/\/stevelinnsculpture.com\/fr\/service\/honors\/\">CV - Prix et subventions<\/a><\/h3>\n\t\t\t<div class=\"service-excerpt\"><p>Une liste de prix et de distinctions.<\/p>\n<\/div>\n\t\t\t\n\t\t\n\t<\/div>\n\n\t\t\n<\/div>\t\n\n<\/div><\/div><\/div><\/div><\/div><\/section>\n<\/div>","protected":false},"excerpt":{"rendered":"Prix et bourses 1965 Ford Foundation Design Fellow 1975 Prix de Rome 1980 MacDowell Colony Grant 1987 Pollock - Krasner Foundation Grant Steve \u00e0 la fonderie de l'Acad\u00e9mie am\u00e9ricaine de Rome (1975)","protected":false},"author":2,"featured_media":0,"parent":0,"menu_order":0,"comment_status":"closed","ping_status":"closed","template":"page-templates\/template-fullwidth.php","meta":{"footnotes":""},"class_list":["post-990","page","type-page","status-publish","hentry"],"_links":{"self":[{"href":"https:\/\/stevelinnsculpture.com\/fr\/wp-json\/wp\/v2\/pages\/990","targetHints":{"allow":["GET"]}}],"collection":[{"href":"https:\/\/stevelinnsculpture.com\/fr\/wp-json\/wp\/v2\/pages"}],"about":[{"href":"https:\/\/stevelinnsculpture.com\/fr\/wp-json\/wp\/v2\/types\/page"}],"author":[{"embeddable":true,"href":"https:\/\/stevelinnsculpture.com\/fr\/wp-json\/wp\/v2\/users\/2"}],"replies":[{"embeddable":true,"href":"https:\/\/stevelinnsculpture.com\/fr\/wp-json\/wp\/v2\/comments?post=990"}],"version-history":[{"count":10,"href":"https:\/\/stevelinnsculpture.com\/fr\/wp-json\/wp\/v2\/pages\/990\/revisions"}],"predecessor-version":[{"id":1926,"href":"https:\/\/stevelinnsculpture.com\/fr\/wp-json\/wp\/v2\/pages\/990\/revisions\/1926"}],"wp:attachment":[{"href":"https:\/\/stevelinnsculpture.com\/fr\/wp-json\/wp\/v2\/media?parent=990"}],"curies":[{"name":"wp","href":"https:\/\/api.w.org\/{rel}","templated":true}]}}