{"id":2262,"date":"2020-11-11T09:32:32","date_gmt":"2020-11-11T09:32:32","guid":{"rendered":"https:\/\/stevelinnsculpture.com\/?page_id=2262"},"modified":"2021-01-09T13:31:51","modified_gmt":"2021-01-09T13:31:51","slug":"2262-2","status":"publish","type":"page","link":"https:\/\/stevelinnsculpture.com\/fr\/contact\/2262-2\/","title":{"rendered":"Politique de confidentialit\u00e9"},"content":{"rendered":"<div class=\"wpb-content-wrapper\"><section class=\"wpb_row vc_row-fluid\"><div class=\"container\"><div class=\"row\"><div class=\"wpb_column vc_column_container vc_col-sm-12\"><div class=\"vc_column-inner\"><div class=\"wpb_wrapper\"  ><div class=\"vc_row wpb_row vc_inner vc_row-fluid\"><div class=\"wpb_column vc_column_container vc_col-sm-6\"><div class=\"vc_column-inner\"><div class=\"wpb_wrapper\"  >\n\t<div class=\"wpb_text_column wpb_content_element\" >\n\t\t<div class=\"wpb_wrapper\">\n\t\t\t<p><strong>stevelinnsculpture.com<\/strong><br \/>\nNous ne collectons aucune donn\u00e9e personnelle. Si vous nous envoyez un message, votre adresse \u00e9lectronique est incluse dans votre message, mais nous ne la conservons pas sur le site web et ne l'utilisons pas \u00e0 des fins commerciales. Si vous souhaitez nous envoyer un message, veuillez utiliser le formulaire de contact.<br \/>\nSteve Linn Sculpture, 319 avenue de Montpellier, 34270 Claret, France<\/p>\n<p><strong>Polices de caract\u00e8res Google<\/strong><br \/>\nPour une repr\u00e9sentation uniforme des polices, cette page utilise des polices web fournies par Google. Lorsque vous ouvrez une page, votre navigateur charge les polices web requises dans la m\u00e9moire cache de votre navigateur afin d'afficher correctement les textes et les polices.<\/p>\n<p>\u00c0 cette fin, votre navigateur doit \u00e9tablir une connexion directe avec les serveurs de Google. Google sait ainsi que notre page web a \u00e9t\u00e9 consult\u00e9e par le biais de votre adresse IP. L'utilisation des polices de caract\u00e8res de Google est faite dans l'int\u00e9r\u00eat d'une pr\u00e9sentation uniforme et attrayante de notre plugin. Il s'agit d'un int\u00e9r\u00eat justifi\u00e9 conform\u00e9ment \u00e0 l'art. 6 (1) (f) DSGVO.<\/p>\n<p>Si votre navigateur ne prend pas en charge les polices web, votre ordinateur utilise une police standard.<\/p>\n<p>De plus amples informations sur le traitement des donn\u00e9es des utilisateurs sont disponibles \u00e0 l'adresse https:\/\/developers.google.com\/fonts\/faq et dans la politique de confidentialit\u00e9 de Google \u00e0 l'adresse https:\/\/www.google.com\/policies\/privacy\/.<\/p>\n<p><strong>Google reCaptcha<\/strong><br \/>\nVeuillez vous r\u00e9f\u00e9rer \u00e0 la page d'accueil de Google <a href=\"https:\/\/policies.google.com\/privacy\" target=\"_blank\" rel=\"noopener\">Politique de confidentialit\u00e9<\/a> et <a href=\"https:\/\/policies.google.com\/terms\" target=\"_blank\" rel=\"noopener\">Conditions d'utilisation<\/a> pages.<\/p>\n\n\t\t<\/div>\n\t<\/div>\n<\/div><\/div><\/div><div class=\"wpb_column vc_column_container vc_col-sm-6\"><div class=\"vc_column-inner\"><div class=\"wpb_wrapper\"  >\n\t<div class=\"wpb_text_column wpb_content_element\" >\n\t\t<div class=\"wpb_wrapper\">\n\t\t\t<p><strong>YouTube<\/strong><br \/>\nNotre site utilise des plugins de YouTube, qui est exploit\u00e9 par Google. L'op\u00e9rateur des pages est<br \/>\nYouTube LLC, 901 Cherry Ave, San Bruno, CA 94066, \u00c9tats-Unis.<\/p>\n<p>Si vous visitez l'une de nos pages comportant un plugin YouTube, une connexion est \u00e9tablie avec les serveurs de YouTube. Le serveur YouTube est alors inform\u00e9 des pages que vous avez visit\u00e9es.<\/p>\n<p>Si vous \u00eates connect\u00e9 \u00e0 votre compte YouTube, YouTube vous permet d'associer votre comportement de navigation directement \u00e0 votre profil personnel. Vous pouvez emp\u00eacher cela en vous d\u00e9connectant de votre compte YouTube.<\/p>\n<p>YouTube est utilis\u00e9 pour rendre notre site web attrayant. Il s'agit d'un int\u00e9r\u00eat justifi\u00e9 conform\u00e9ment \u00e0 l'art. 6 (1) (f) DSGVO.<\/p>\n<p>De plus amples informations sur le traitement des donn\u00e9es des utilisateurs sont disponibles dans la d\u00e9claration de protection des donn\u00e9es de YouTube \u00e0 l'adresse https:\/\/www.google.de\/intl\/de\/policies\/privacy.<\/p>\n\n\t\t<\/div>\n\t<\/div>\n<\/div><\/div><\/div><\/div><\/div><\/div><\/div><\/div><\/div><\/section>\n<\/div>","protected":false},"excerpt":{"rendered":"stevelinnsculpture.com We do not collect any personal data. If you send us a message, your email is included in your message but we do not retain it on the website nor use it for commercial purposes. If you would like to send us a message, please use the contact form. Steve Linn Sculpture, 319 avenue [...]","protected":false},"author":2,"featured_media":0,"parent":256,"menu_order":0,"comment_status":"closed","ping_status":"closed","template":"page-templates\/template-fullwidth.php","meta":{"footnotes":""},"class_list":["post-2262","page","type-page","status-publish","hentry"],"_links":{"self":[{"href":"https:\/\/stevelinnsculpture.com\/fr\/wp-json\/wp\/v2\/pages\/2262","targetHints":{"allow":["GET"]}}],"collection":[{"href":"https:\/\/stevelinnsculpture.com\/fr\/wp-json\/wp\/v2\/pages"}],"about":[{"href":"https:\/\/stevelinnsculpture.com\/fr\/wp-json\/wp\/v2\/types\/page"}],"author":[{"embeddable":true,"href":"https:\/\/stevelinnsculpture.com\/fr\/wp-json\/wp\/v2\/users\/2"}],"replies":[{"embeddable":true,"href":"https:\/\/stevelinnsculpture.com\/fr\/wp-json\/wp\/v2\/comments?post=2262"}],"version-history":[{"count":8,"href":"https:\/\/stevelinnsculpture.com\/fr\/wp-json\/wp\/v2\/pages\/2262\/revisions"}],"predecessor-version":[{"id":2310,"href":"https:\/\/stevelinnsculpture.com\/fr\/wp-json\/wp\/v2\/pages\/2262\/revisions\/2310"}],"up":[{"embeddable":true,"href":"https:\/\/stevelinnsculpture.com\/fr\/wp-json\/wp\/v2\/pages\/256"}],"wp:attachment":[{"href":"https:\/\/stevelinnsculpture.com\/fr\/wp-json\/wp\/v2\/media?parent=2262"}],"curies":[{"name":"wp","href":"https:\/\/api.w.org\/{rel}","templated":true}]}}